{"id":77,"date":"2008-05-13T12:13:50","date_gmt":"2008-05-13T11:13:50","guid":{"rendered":"http:\/\/www.rdejeux.net\/blog\/?page_id=77"},"modified":"2008-05-13T12:15:06","modified_gmt":"2008-05-13T11:15:06","slug":"a-propos-de-nolendil","status":"publish","type":"page","link":"https:\/\/rdejeux.net\/blog\/auteurs\/a-propos-de-nolendil","title":{"rendered":"\u00c0 propos de : Nolendil"},"content":{"rendered":"<p>Joueur de tout sauf d&rsquo;argent, tapotant les claviers mais \u00e9vitant d&rsquo;en faire son m\u00e9tier, \u00e9pist\u00e9mologue amateur, gourmand sinon connaisseur, ind\u00e9crottable curieux.<\/p>\n","protected":false},"excerpt":{"rendered":"<p>Joueur de tout sauf d&rsquo;argent, tapotant les claviers mais \u00e9vitant d&rsquo;en faire son m\u00e9tier, \u00e9pist\u00e9mologue amateur, gourmand sinon connaisseur, ind\u00e9crottable curieux.<\/p>\n","protected":false},"author":4,"featured_media":0,"parent":67,"menu_order":0,"comment_status":"closed","ping_status":"open","template":"","meta":{"jetpack_post_was_ever_published":false,"footnotes":""},"class_list":["post-77","page","type-page","status-publish","hentry","nodate","item-wrap"],"jetpack_shortlink":"https:\/\/wp.me\/P1Fni4-1f","jetpack_sharing_enabled":true,"_links":{"self":[{"href":"https:\/\/rdejeux.net\/blog\/wp-json\/wp\/v2\/pages\/77","targetHints":{"allow":["GET"]}}],"collection":[{"href":"https:\/\/rdejeux.net\/blog\/wp-json\/wp\/v2\/pages"}],"about":[{"href":"https:\/\/rdejeux.net\/blog\/wp-json\/wp\/v2\/types\/page"}],"author":[{"embeddable":true,"href":"https:\/\/rdejeux.net\/blog\/wp-json\/wp\/v2\/users\/4"}],"replies":[{"embeddable":true,"href":"https:\/\/rdejeux.net\/blog\/wp-json\/wp\/v2\/comments?post=77"}],"version-history":[{"count":0,"href":"https:\/\/rdejeux.net\/blog\/wp-json\/wp\/v2\/pages\/77\/revisions"}],"up":[{"embeddable":true,"href":"https:\/\/rdejeux.net\/blog\/wp-json\/wp\/v2\/pages\/67"}],"wp:attachment":[{"href":"https:\/\/rdejeux.net\/blog\/wp-json\/wp\/v2\/media?parent=77"}],"curies":[{"name":"wp","href":"https:\/\/api.w.org\/{rel}","templated":true}]}}