{"id":17,"date":"2007-06-07T15:44:59","date_gmt":"2007-06-07T13:44:59","guid":{"rendered":"http:\/\/blog.rdejeux.net\/?page_id=17"},"modified":"2008-04-24T12:07:15","modified_gmt":"2008-04-24T11:07:15","slug":"a-propos-de-ocoyote","status":"publish","type":"page","link":"https:\/\/rdejeux.net\/blog\/auteurs\/a-propos-de-ocoyote","title":{"rendered":"\u00c0 propos de : O&rsquo;Coyote"},"content":{"rendered":"<p>H\u00e9donisme \u00e9cl\u00e9ctique alternant cr\u00e9ativit\u00e9, activit\u00e9 fr\u00e9n\u00e9tique ou contemplation du monde avec le m\u00eame plaisir.<br \/>\nJe me passionne pour l&rsquo;asie (du jardin au dojo en passant par les Geishas), la nature, le travail du bois et les poissons exotiques.<br \/>\nJ&rsquo;aime jouer plus que gagner, en particulier lorsque cela me permet de (me?) raconter des histoires et de donner vie \u00e0 mes fantasmes.<br \/>\nA oui : j&rsquo;adore les jours de pluie&#8230;<\/p>\n<p>&#8212;<br \/>\nO&rsquo;Coyote<\/p>\n","protected":false},"excerpt":{"rendered":"<p>H\u00e9donisme \u00e9cl\u00e9ctique alternant cr\u00e9ativit\u00e9, activit\u00e9 fr\u00e9n\u00e9tique ou contemplation du monde avec le m\u00eame plaisir. Je me passionne pour l&rsquo;asie (du jardin au dojo en passant par les Geishas), la nature, le travail du bois et les poissons exotiques. J&rsquo;aime jouer plus que gagner, en particulier lorsque cela me permet de (me?) raconter des histoires et &hellip; <\/p>\n<p><a class=\"more-link btn\" href=\"https:\/\/rdejeux.net\/blog\/auteurs\/a-propos-de-ocoyote\">Lire la suite<\/a><\/p>\n","protected":false},"author":3,"featured_media":0,"parent":67,"menu_order":0,"comment_status":"closed","ping_status":"open","template":"","meta":{"jetpack_post_was_ever_published":false,"footnotes":""},"class_list":["post-17","page","type-page","status-publish","hentry","nodate","item-wrap"],"jetpack_shortlink":"https:\/\/wp.me\/P1Fni4-h","jetpack_sharing_enabled":true,"_links":{"self":[{"href":"https:\/\/rdejeux.net\/blog\/wp-json\/wp\/v2\/pages\/17","targetHints":{"allow":["GET"]}}],"collection":[{"href":"https:\/\/rdejeux.net\/blog\/wp-json\/wp\/v2\/pages"}],"about":[{"href":"https:\/\/rdejeux.net\/blog\/wp-json\/wp\/v2\/types\/page"}],"author":[{"embeddable":true,"href":"https:\/\/rdejeux.net\/blog\/wp-json\/wp\/v2\/users\/3"}],"replies":[{"embeddable":true,"href":"https:\/\/rdejeux.net\/blog\/wp-json\/wp\/v2\/comments?post=17"}],"version-history":[{"count":0,"href":"https:\/\/rdejeux.net\/blog\/wp-json\/wp\/v2\/pages\/17\/revisions"}],"up":[{"embeddable":true,"href":"https:\/\/rdejeux.net\/blog\/wp-json\/wp\/v2\/pages\/67"}],"wp:attachment":[{"href":"https:\/\/rdejeux.net\/blog\/wp-json\/wp\/v2\/media?parent=17"}],"curies":[{"name":"wp","href":"https:\/\/api.w.org\/{rel}","templated":true}]}}